{"id":7,"date":"2024-05-20T07:54:36","date_gmt":"2024-05-20T07:54:36","guid":{"rendered":"https:\/\/demosites.royal-elementor-addons.com\/graphic-nature-v1\/?page_id=7"},"modified":"2025-10-29T17:45:21","modified_gmt":"2025-10-29T17:45:21","slug":"home-graphic-nature-v1","status":"publish","type":"page","link":"https:\/\/terrazaesmeralda.mx\/","title":{"rendered":"Home"},"content":{"rendered":"\t\t<div data-elementor-type=\"wp-page\" data-elementor-id=\"7\" class=\"elementor elementor-7\">\n\t\t\t\t<div class=\"elementor-element elementor-element-2ab6b53 e-flex e-con-boxed wpr-particle-no wpr-jarallax-no wpr-parallax-no wpr-sticky-section-no wpr-equal-height-no e-con e-parent\" data-id=\"2ab6b53\" data-element_type=\"container\" data-e-type=\"container\" data-settings=\"{&quot;background_background&quot;:&quot;slideshow&quot;,&quot;background_slideshow_gallery&quot;:[{&quot;id&quot;:278,&quot;url&quot;:&quot;https:\\\/\\\/terrazaesmeralda.mx\\\/wp-content\\\/uploads\\\/2025\\\/05\\\/Vista-1-Casa-Terraza.jpg&quot;},{&quot;id&quot;:276,&quot;url&quot;:&quot;https:\\\/\\\/terrazaesmeralda.mx\\\/wp-content\\\/uploads\\\/2025\\\/05\\\/3-RecA\\u00a1mara-Principal.jpg&quot;},{&quot;id&quot;:275,&quot;url&quot;:&quot;https:\\\/\\\/terrazaesmeralda.mx\\\/wp-content\\\/uploads\\\/2025\\\/05\\\/2-Sala-Comedor.jpg&quot;},{&quot;id&quot;:274,&quot;url&quot;:&quot;https:\\\/\\\/terrazaesmeralda.mx\\\/wp-content\\\/uploads\\\/2025\\\/05\\\/1-Sala-Comedor.jpg&quot;},{&quot;id&quot;:277,&quot;url&quot;:&quot;https:\\\/\\\/terrazaesmeralda.mx\\\/wp-content\\\/uploads\\\/2025\\\/05\\\/Roof-Garden-Casa-Terraza.jpg&quot;}],&quot;background_slideshow_slide_transition&quot;:&quot;slide_left&quot;,&quot;background_slideshow_transition_duration&quot;:1500,&quot;background_slideshow_ken_burns&quot;:&quot;yes&quot;,&quot;background_slideshow_loop&quot;:&quot;yes&quot;,&quot;background_slideshow_slide_duration&quot;:5000,&quot;background_slideshow_ken_burns_zoom_direction&quot;:&quot;in&quot;}\">\n\t\t\t\t\t<div class=\"e-con-inner\">\n\t\t\t\t<div class=\"elementor-element elementor-element-7308bdb elementor-widget elementor-widget-heading\" data-id=\"7308bdb\" data-element_type=\"widget\" data-e-type=\"widget\" data-widget_type=\"heading.default\">\n\t\t\t\t<div class=\"elementor-widget-container\">\n\t\t\t\t\t<h2 class=\"elementor-heading-title elementor-size-default\"><p data-start=\"473\" data-end=\"527\"><strong data-start=\"473\" data-end=\"527\">Tu hogar a tu ESTILO, en armon\u00eda con la naturaleza<\/strong><\/p><p data-start=\"531\" data-end=\"638\"><\/p>dentro del Conjunto Residencial Arborada<\/h2>\t\t\t\t<\/div>\n\t\t\t\t<\/div>\n\t\t\t\t\t<\/div>\n\t\t\t\t<\/div>\n\t\t<div class=\"elementor-element elementor-element-3083d6f elementor-hidden-desktop elementor-hidden-tablet elementor-hidden-mobile e-flex e-con-boxed wpr-jarallax-no wpr-parallax-no wpr-sticky-section-no wpr-equal-height-no e-con e-parent\" data-id=\"3083d6f\" data-element_type=\"container\" data-e-type=\"container\" data-settings=\"{&quot;background_background&quot;:&quot;slideshow&quot;,&quot;background_slideshow_gallery&quot;:[{&quot;id&quot;:278,&quot;url&quot;:&quot;https:\\\/\\\/terrazaesmeralda.mx\\\/wp-content\\\/uploads\\\/2025\\\/05\\\/Vista-1-Casa-Terraza.jpg&quot;},{&quot;id&quot;:274,&quot;url&quot;:&quot;https:\\\/\\\/terrazaesmeralda.mx\\\/wp-content\\\/uploads\\\/2025\\\/05\\\/1-Sala-Comedor.jpg&quot;},{&quot;id&quot;:275,&quot;url&quot;:&quot;https:\\\/\\\/terrazaesmeralda.mx\\\/wp-content\\\/uploads\\\/2025\\\/05\\\/2-Sala-Comedor.jpg&quot;},{&quot;id&quot;:276,&quot;url&quot;:&quot;https:\\\/\\\/terrazaesmeralda.mx\\\/wp-content\\\/uploads\\\/2025\\\/05\\\/3-RecA\\u00a1mara-Principal.jpg&quot;},{&quot;id&quot;:277,&quot;url&quot;:&quot;https:\\\/\\\/terrazaesmeralda.mx\\\/wp-content\\\/uploads\\\/2025\\\/05\\\/Roof-Garden-Casa-Terraza.jpg&quot;}],&quot;background_slideshow_loop&quot;:&quot;yes&quot;,&quot;background_slideshow_slide_duration&quot;:5000,&quot;background_slideshow_slide_transition&quot;:&quot;fade&quot;,&quot;background_slideshow_transition_duration&quot;:500}\">\n\t\t\t\t\t<div class=\"e-con-inner\">\n\t\t\t\t\t<\/div>\n\t\t\t\t<\/div>\n\t\t<div class=\"elementor-element elementor-element-37d657e e-flex e-con-boxed wpr-particle-no wpr-jarallax-no wpr-parallax-no wpr-sticky-section-no wpr-equal-height-no e-con e-parent\" data-id=\"37d657e\" data-element_type=\"container\" data-e-type=\"container\">\n\t\t\t\t\t<div class=\"e-con-inner\">\n\t\t<div class=\"elementor-element elementor-element-e5b3b11 e-flex e-con-boxed wpr-particle-no wpr-jarallax-no wpr-parallax-no wpr-sticky-section-no wpr-equal-height-no elementor-invisible e-con e-child\" data-id=\"e5b3b11\" data-element_type=\"container\" data-e-type=\"container\" data-settings=\"{&quot;animation&quot;:&quot;slideInLeft&quot;}\">\n\t\t\t\t\t<div class=\"e-con-inner\">\n\t\t\t\t<div class=\"elementor-element elementor-element-71bb8a7 elementor-widget elementor-widget-image\" data-id=\"71bb8a7\" data-element_type=\"widget\" data-e-type=\"widget\" data-widget_type=\"image.default\">\n\t\t\t\t<div class=\"elementor-widget-container\">\n\t\t\t\t\t\t\t\t\t\t\t\t\t\t\t<img fetchpriority=\"high\" decoding=\"async\" width=\"960\" height=\"624\" src=\"https:\/\/terrazaesmeralda.mx\/wp-content\/uploads\/2025\/08\/Liquidambar.jpg\" class=\"attachment-large size-large wp-image-344\" alt=\"\" srcset=\"https:\/\/terrazaesmeralda.mx\/wp-content\/uploads\/2025\/08\/Liquidambar.jpg 1024w, https:\/\/terrazaesmeralda.mx\/wp-content\/uploads\/2025\/08\/Liquidambar-300x195.jpg 300w, https:\/\/terrazaesmeralda.mx\/wp-content\/uploads\/2025\/08\/Liquidambar-768x500.jpg 768w\" sizes=\"(max-width: 960px) 100vw, 960px\" \/>\t\t\t\t\t\t\t\t\t\t\t\t\t\t\t<\/div>\n\t\t\t\t<\/div>\n\t\t\t\t\t<\/div>\n\t\t\t\t<\/div>\n\t\t<div class=\"elementor-element elementor-element-9af76c6 e-flex e-con-boxed wpr-particle-no wpr-jarallax-no wpr-parallax-no wpr-sticky-section-no wpr-equal-height-no elementor-invisible e-con e-child\" data-id=\"9af76c6\" data-element_type=\"container\" data-e-type=\"container\" data-settings=\"{&quot;animation&quot;:&quot;slideInRight&quot;}\">\n\t\t\t\t\t<div class=\"e-con-inner\">\n\t\t\t\t<div class=\"elementor-element elementor-element-0a6b97f elementor-widget elementor-widget-heading\" data-id=\"0a6b97f\" data-element_type=\"widget\" data-e-type=\"widget\" data-widget_type=\"heading.default\">\n\t\t\t\t<div class=\"elementor-widget-container\">\n\t\t\t\t\t<h2 class=\"elementor-heading-title elementor-size-default\">Bienvenido a<br>TERRAZA ARBORADA<\/h2>\t\t\t\t<\/div>\n\t\t\t\t<\/div>\n\t\t\t\t<div class=\"elementor-element elementor-element-164d751 elementor-widget elementor-widget-text-editor\" data-id=\"164d751\" data-element_type=\"widget\" data-e-type=\"widget\" data-widget_type=\"text-editor.default\">\n\t\t\t\t<div class=\"elementor-widget-container\">\n\t\t\t\t\t\t\t\t\t<p>Casas modernas dentro de <em data-start=\"556\" data-end=\"578\">Residencial Alborada<\/em> con dise\u00f1o inteligente, roof garden y espacios para crecer.<\/p>\t\t\t\t\t\t\t\t<\/div>\n\t\t\t\t<\/div>\n\t\t\t\t<div class=\"elementor-element elementor-element-5e5375d elementor-widget elementor-widget-button\" data-id=\"5e5375d\" data-element_type=\"widget\" data-e-type=\"widget\" data-widget_type=\"button.default\">\n\t\t\t\t<div class=\"elementor-widget-container\">\n\t\t\t\t\t\t\t\t\t<div class=\"elementor-button-wrapper\">\n\t\t\t\t\t<a class=\"elementor-button elementor-button-link elementor-size-sm\" href=\"#\">\n\t\t\t\t\t\t<span class=\"elementor-button-content-wrapper\">\n\t\t\t\t\t\t\t\t\t<span class=\"elementor-button-text\">Agenda una visita<\/span>\n\t\t\t\t\t<\/span>\n\t\t\t\t\t<\/a>\n\t\t\t\t<\/div>\n\t\t\t\t\t\t\t\t<\/div>\n\t\t\t\t<\/div>\n\t\t\t\t\t<\/div>\n\t\t\t\t<\/div>\n\t\t\t\t\t<\/div>\n\t\t\t\t<\/div>\n\t\t<div class=\"elementor-element elementor-element-8e397cb e-grid e-con-boxed wpr-particle-no wpr-jarallax-no wpr-parallax-no wpr-sticky-section-no wpr-equal-height-no e-con e-parent\" data-id=\"8e397cb\" data-element_type=\"container\" data-e-type=\"container\">\n\t\t\t\t\t<div class=\"e-con-inner\">\n\t\t\t\t<div class=\"elementor-element elementor-element-7466ea9 elementor-position-top elementor-invisible elementor-widget elementor-widget-image-box\" data-id=\"7466ea9\" data-element_type=\"widget\" data-e-type=\"widget\" data-settings=\"{&quot;_animation&quot;:&quot;zoomIn&quot;}\" data-widget_type=\"image-box.default\">\n\t\t\t\t<div class=\"elementor-widget-container\">\n\t\t\t\t\t<div class=\"elementor-image-box-wrapper\"><figure class=\"elementor-image-box-img\"><img decoding=\"async\" src=\"https:\/\/terrazaesmeralda.mx\/wp-content\/uploads\/elementor\/thumbs\/2-Sala-Comedor-r5irkrjfkeu3g4wlo47ihmuujalltupnj81kd44ups.jpg\" title=\"2-Sala-Comedor\" alt=\"2-Sala-Comedor\" loading=\"lazy\" \/><\/figure><div class=\"elementor-image-box-content\"><h3 class=\"elementor-image-box-title\">EL DESARROLLO<\/h3><p class=\"elementor-image-box-description\">Terraza Esmeralda es un exclusivo conjunto residencial dise\u00f1ado para quienes buscan una conexi\u00f3n aut\u00e9ntica con la naturaleza sin renunciar al confort moderno.<br><br>\nUbicado en una zona apacible y segura, este desarrollo ofrece la privacidad y serenidad que tu familia merece.<\/p><\/div><\/div>\t\t\t\t<\/div>\n\t\t\t\t<\/div>\n\t\t\t\t<div class=\"elementor-element elementor-element-7b58488 elementor-position-top elementor-invisible elementor-widget elementor-widget-image-box\" data-id=\"7b58488\" data-element_type=\"widget\" data-e-type=\"widget\" data-settings=\"{&quot;_animation&quot;:&quot;zoomIn&quot;}\" data-widget_type=\"image-box.default\">\n\t\t\t\t<div class=\"elementor-widget-container\">\n\t\t\t\t\t<div class=\"elementor-image-box-wrapper\"><figure class=\"elementor-image-box-img\"><img decoding=\"async\" src=\"https:\/\/terrazaesmeralda.mx\/wp-content\/uploads\/elementor\/thumbs\/3-RecA\u00a1mara-Principal-r5irksh9r8vdrqv8imm524mb4ogz1jtdvcp1ue3gjk.jpg\" title=\"3-RecA\u0303\u00a1mara-Principal\" alt=\"3-RecA\u0303\u00a1mara-Principal\" loading=\"lazy\" \/><\/figure><div class=\"elementor-image-box-content\"><h3 class=\"elementor-image-box-title\">NATURALEZA Y TRANQUILIDAD<\/h3><p class=\"elementor-image-box-description\">Despertar\u00e1s con el canto de las aves y vivir\u00e1s rodeado de vegetaci\u00f3n, lejos del ruido urbano pero con todo lo necesario a tu alcance.<br><br>\n\nEs el lugar ideal para reconectar contigo mismo, con tu familia y con el entorno.<\/p><\/div><\/div>\t\t\t\t<\/div>\n\t\t\t\t<\/div>\n\t\t\t\t<div class=\"elementor-element elementor-element-00155f9 elementor-position-top elementor-invisible elementor-widget elementor-widget-image-box\" data-id=\"00155f9\" data-element_type=\"widget\" data-e-type=\"widget\" data-settings=\"{&quot;_animation&quot;:&quot;zoomIn&quot;}\" data-widget_type=\"image-box.default\">\n\t\t\t\t<div class=\"elementor-widget-container\">\n\t\t\t\t\t<div class=\"elementor-image-box-wrapper\"><figure class=\"elementor-image-box-img\"><img decoding=\"async\" src=\"https:\/\/terrazaesmeralda.mx\/wp-content\/uploads\/elementor\/thumbs\/Roof-Garden-Casa-Terraza-r5irkucy4wxyeysi7nfe7458bg7pgy0ujm00sy0o74.jpg\" title=\"Roof-Garden-Casa-Terraza\" alt=\"Roof-Garden-Casa-Terraza\" loading=\"lazy\" \/><\/figure><div class=\"elementor-image-box-content\"><h3 class=\"elementor-image-box-title\">UBICACI\u00d3N PRIVILEGIADA<\/h3><p class=\"elementor-image-box-description\">Situado en una Bosque esmeralda que ofrece un entorno tranquilo y de gran plusval\u00eda, Terraza Esmeralda combina accesibilidad con aislamiento natural.\n\n<br><br>Perfecto para quienes buscan un hogar que sea refugio y punto de partida.\n\n<\/p><\/div><\/div>\t\t\t\t<\/div>\n\t\t\t\t<\/div>\n\t\t\t\t\t<\/div>\n\t\t\t\t<\/div>\n\t\t<div class=\"elementor-element elementor-element-25105b1 e-flex e-con-boxed wpr-particle-no wpr-jarallax-no wpr-parallax-no wpr-sticky-section-no wpr-equal-height-no e-con e-parent\" data-id=\"25105b1\" data-element_type=\"container\" data-e-type=\"container\">\n\t\t\t\t\t<div class=\"e-con-inner\">\n\t\t<div class=\"elementor-element elementor-element-e209d90 e-flex e-con-boxed wpr-particle-no wpr-jarallax-no wpr-parallax-no wpr-sticky-section-no wpr-equal-height-no elementor-invisible e-con e-child\" data-id=\"e209d90\" data-element_type=\"container\" data-e-type=\"container\" data-settings=\"{&quot;animation&quot;:&quot;slideInLeft&quot;}\">\n\t\t\t\t\t<div class=\"e-con-inner\">\n\t\t\t\t<div class=\"elementor-element elementor-element-e753a24 elementor-widget elementor-widget-image\" data-id=\"e753a24\" data-element_type=\"widget\" data-e-type=\"widget\" data-widget_type=\"image.default\">\n\t\t\t\t<div class=\"elementor-widget-container\">\n\t\t\t\t\t\t\t\t\t\t\t\t\t\t\t<img decoding=\"async\" width=\"960\" height=\"750\" src=\"https:\/\/terrazaesmeralda.mx\/wp-content\/uploads\/2025\/04\/Vista-1-Casa-Terraza-1024x800.jpg\" class=\"attachment-large size-large wp-image-224\" alt=\"\" srcset=\"https:\/\/terrazaesmeralda.mx\/wp-content\/uploads\/2025\/04\/Vista-1-Casa-Terraza-1024x800.jpg 1024w, https:\/\/terrazaesmeralda.mx\/wp-content\/uploads\/2025\/04\/Vista-1-Casa-Terraza-300x234.jpg 300w, https:\/\/terrazaesmeralda.mx\/wp-content\/uploads\/2025\/04\/Vista-1-Casa-Terraza-768x600.jpg 768w, https:\/\/terrazaesmeralda.mx\/wp-content\/uploads\/2025\/04\/Vista-1-Casa-Terraza-1536x1200.jpg 1536w, https:\/\/terrazaesmeralda.mx\/wp-content\/uploads\/2025\/04\/Vista-1-Casa-Terraza.jpg 2000w\" sizes=\"(max-width: 960px) 100vw, 960px\" \/>\t\t\t\t\t\t\t\t\t\t\t\t\t\t\t<\/div>\n\t\t\t\t<\/div>\n\t\t\t\t\t<\/div>\n\t\t\t\t<\/div>\n\t\t<div class=\"elementor-element elementor-element-e0102bc e-flex e-con-boxed wpr-particle-no wpr-jarallax-no wpr-parallax-no wpr-sticky-section-no wpr-equal-height-no elementor-invisible e-con e-child\" data-id=\"e0102bc\" data-element_type=\"container\" data-e-type=\"container\" data-settings=\"{&quot;animation&quot;:&quot;slideInRight&quot;}\">\n\t\t\t\t\t<div class=\"e-con-inner\">\n\t\t\t\t<div class=\"elementor-element elementor-element-375bda6 elementor-widget elementor-widget-heading\" data-id=\"375bda6\" data-element_type=\"widget\" data-e-type=\"widget\" data-widget_type=\"heading.default\">\n\t\t\t\t<div class=\"elementor-widget-container\">\n\t\t\t\t\t<h2 class=\"elementor-heading-title elementor-size-default\">El hogar<p>que siempre imaginaste<\/h2>\t\t\t\t<\/div>\n\t\t\t\t<\/div>\n\t\t\t\t<div class=\"elementor-element elementor-element-10b8638 elementor-widget elementor-widget-text-editor\" data-id=\"10b8638\" data-element_type=\"widget\" data-e-type=\"widget\" data-widget_type=\"text-editor.default\">\n\t\t\t\t<div class=\"elementor-widget-container\">\n\t\t\t\t\t\t\t\t\t<p>Dise\u00f1o funcional en tres niveles<\/p><p>En Terraza Arborada, cada espacio est\u00e1 pensado para adaptarse a tu estilo de vida. Vive en una casa contempor\u00e1nea, c\u00f3moda y con una distribuci\u00f3n que lo tiene todo.<\/p>\t\t\t\t\t\t\t\t<\/div>\n\t\t\t\t<\/div>\n\t\t\t\t\t<\/div>\n\t\t\t\t<\/div>\n\t\t\t\t\t<\/div>\n\t\t\t\t<\/div>\n\t\t<div class=\"elementor-element elementor-element-f16d28c e-grid e-con-boxed wpr-particle-no wpr-jarallax-no wpr-parallax-no wpr-sticky-section-no wpr-equal-height-no e-con e-parent\" data-id=\"f16d28c\" data-element_type=\"container\" data-e-type=\"container\">\n\t\t\t\t\t<div class=\"e-con-inner\">\n\t\t\t\t<div class=\"elementor-element elementor-element-62dca82 elementor-position-top elementor-invisible elementor-widget elementor-widget-image-box\" data-id=\"62dca82\" data-element_type=\"widget\" data-e-type=\"widget\" data-settings=\"{&quot;_animation&quot;:&quot;zoomIn&quot;}\" data-widget_type=\"image-box.default\">\n\t\t\t\t<div class=\"elementor-widget-container\">\n\t\t\t\t\t<div class=\"elementor-image-box-wrapper\"><figure class=\"elementor-image-box-img\"><img decoding=\"async\" width=\"770\" height=\"350\" src=\"https:\/\/terrazaesmeralda.mx\/wp-content\/uploads\/2025\/10\/pb-1.jpg\" class=\"attachment-full size-full wp-image-383\" alt=\"\" srcset=\"https:\/\/terrazaesmeralda.mx\/wp-content\/uploads\/2025\/10\/pb-1.jpg 770w, https:\/\/terrazaesmeralda.mx\/wp-content\/uploads\/2025\/10\/pb-1-300x136.jpg 300w, https:\/\/terrazaesmeralda.mx\/wp-content\/uploads\/2025\/10\/pb-1-768x349.jpg 768w\" sizes=\"(max-width: 770px) 100vw, 770px\" \/><\/figure><div class=\"elementor-image-box-content\"><h3 class=\"elementor-image-box-title\">PLANTA BAJA<\/h3><p class=\"elementor-image-box-description\">Sala\/comedor | cocina | ba\u00f1o de visitas | jard\u00edn | estacionamiento para 2 autos<\/p><\/div><\/div>\t\t\t\t<\/div>\n\t\t\t\t<\/div>\n\t\t\t\t<div class=\"elementor-element elementor-element-d16d7b4 elementor-position-top elementor-invisible elementor-widget elementor-widget-image-box\" data-id=\"d16d7b4\" data-element_type=\"widget\" data-e-type=\"widget\" data-settings=\"{&quot;_animation&quot;:&quot;zoomIn&quot;}\" data-widget_type=\"image-box.default\">\n\t\t\t\t<div class=\"elementor-widget-container\">\n\t\t\t\t\t<div class=\"elementor-image-box-wrapper\"><figure class=\"elementor-image-box-img\"><img loading=\"lazy\" decoding=\"async\" width=\"770\" height=\"350\" src=\"https:\/\/terrazaesmeralda.mx\/wp-content\/uploads\/2025\/10\/pa-1.jpg\" class=\"attachment-full size-full wp-image-382\" alt=\"\" srcset=\"https:\/\/terrazaesmeralda.mx\/wp-content\/uploads\/2025\/10\/pa-1.jpg 770w, https:\/\/terrazaesmeralda.mx\/wp-content\/uploads\/2025\/10\/pa-1-300x136.jpg 300w, https:\/\/terrazaesmeralda.mx\/wp-content\/uploads\/2025\/10\/pa-1-768x349.jpg 768w\" sizes=\"(max-width: 770px) 100vw, 770px\" \/><\/figure><div class=\"elementor-image-box-content\"><h3 class=\"elementor-image-box-title\">PLANTA ALTA<\/h3><p class=\"elementor-image-box-description\">Rec\u00e1mara principal con ba\u00f1o | rec\u00e1mara secundaria  | ba\u00f1o completo | Family Room<\/p><\/div><\/div>\t\t\t\t<\/div>\n\t\t\t\t<\/div>\n\t\t\t\t<div class=\"elementor-element elementor-element-483214e elementor-position-top elementor-invisible elementor-widget elementor-widget-image-box\" data-id=\"483214e\" data-element_type=\"widget\" data-e-type=\"widget\" data-settings=\"{&quot;_animation&quot;:&quot;zoomIn&quot;}\" data-widget_type=\"image-box.default\">\n\t\t\t\t<div class=\"elementor-widget-container\">\n\t\t\t\t\t<div class=\"elementor-image-box-wrapper\"><figure class=\"elementor-image-box-img\"><img loading=\"lazy\" decoding=\"async\" width=\"770\" height=\"350\" src=\"https:\/\/terrazaesmeralda.mx\/wp-content\/uploads\/2025\/10\/roof-1.jpg\" class=\"attachment-full size-full wp-image-384\" alt=\"\" srcset=\"https:\/\/terrazaesmeralda.mx\/wp-content\/uploads\/2025\/10\/roof-1.jpg 770w, https:\/\/terrazaesmeralda.mx\/wp-content\/uploads\/2025\/10\/roof-1-300x136.jpg 300w, https:\/\/terrazaesmeralda.mx\/wp-content\/uploads\/2025\/10\/roof-1-768x349.jpg 768w\" sizes=\"(max-width: 770px) 100vw, 770px\" \/><\/figure><div class=\"elementor-image-box-content\"><h3 class=\"elementor-image-box-title\">ROOF GARDEN<\/h3><p class=\"elementor-image-box-description\">\u00c1rea social | \u00e1rea de lavado<\/p><\/div><\/div>\t\t\t\t<\/div>\n\t\t\t\t<\/div>\n\t\t\t\t\t<\/div>\n\t\t\t\t<\/div>\n\t\t<div class=\"elementor-element elementor-element-6262ed8 e-flex e-con-boxed wpr-particle-no wpr-jarallax-no wpr-parallax-no wpr-sticky-section-no wpr-equal-height-no e-con e-parent\" data-id=\"6262ed8\" data-element_type=\"container\" data-e-type=\"container\">\n\t\t\t\t\t<div class=\"e-con-inner\">\n\t\t\t\t<div class=\"elementor-element elementor-element-765336c elementor-widget elementor-widget-heading\" data-id=\"765336c\" data-element_type=\"widget\" data-e-type=\"widget\" data-widget_type=\"heading.default\">\n\t\t\t\t<div class=\"elementor-widget-container\">\n\t\t\t\t\t<h2 class=\"elementor-heading-title elementor-size-default\">Conoce tu nuevo hogar<\/h2>\t\t\t\t<\/div>\n\t\t\t\t<\/div>\n\t\t\t\t\t<\/div>\n\t\t\t\t<\/div>\n\t\t<div class=\"elementor-element elementor-element-c8ab4ae e-flex e-con-boxed wpr-particle-no wpr-jarallax-no wpr-parallax-no wpr-sticky-section-no wpr-equal-height-no e-con e-parent\" data-id=\"c8ab4ae\" data-element_type=\"container\" data-e-type=\"container\">\n\t\t\t\t\t<div class=\"e-con-inner\">\n\t\t\t\t<div class=\"elementor-element elementor-element-6bac6bc elementor-widget elementor-widget-heading\" data-id=\"6bac6bc\" data-element_type=\"widget\" data-e-type=\"widget\" data-widget_type=\"heading.default\">\n\t\t\t\t<div class=\"elementor-widget-container\">\n\t\t\t\t\t<h2 class=\"elementor-heading-title elementor-size-default\">Ubicaci\u00f3n estrat\u00e9gica<\/h2>\t\t\t\t<\/div>\n\t\t\t\t<\/div>\n\t\t\t\t<div class=\"elementor-element elementor-element-e95dc18 elementor-widget elementor-widget-text-editor\" data-id=\"e95dc18\" data-element_type=\"widget\" data-e-type=\"widget\" data-widget_type=\"text-editor.default\">\n\t\t\t\t<div class=\"elementor-widget-container\">\n\t\t\t\t\t\t\t\t\t<p>Todo lo que necesitas, cerca de ti<\/p><p>Terraza Arborada se encuentra dentro del Residencial Alborada, en una zona con gran desarrollo y conectividad. Aqu\u00ed tu inversi\u00f3n crece d\u00eda a d\u00eda.<br \/>Bancos, Restaurantes, Supermercados, Escuelas, Centros comerciales, Agencias de autos, \u00c1reas verdes y parques<\/p>\t\t\t\t\t\t\t\t<\/div>\n\t\t\t\t<\/div>\n\t\t\t\t<div class=\"elementor-element elementor-element-961a266 elementor-widget elementor-widget-google_maps\" data-id=\"961a266\" data-element_type=\"widget\" data-e-type=\"widget\" data-widget_type=\"google_maps.default\">\n\t\t\t\t<div class=\"elementor-widget-container\">\n\t\t\t\t\t\t\t<div class=\"elementor-custom-embed\">\n\t\t\t<iframe loading=\"lazy\"\n\t\t\t\t\tsrc=\"https:\/\/maps.google.com\/maps?q=Arborada&#038;t=m&#038;z=13&#038;output=embed&#038;iwloc=near\"\n\t\t\t\t\ttitle=\"Arborada\"\n\t\t\t\t\taria-label=\"Arborada\"\n\t\t\t><\/iframe>\n\t\t<\/div>\n\t\t\t\t\t\t<\/div>\n\t\t\t\t<\/div>\n\t\t\t\t\t<\/div>\n\t\t\t\t<\/div>\n\t\t\t\t<\/div>\n\t\t","protected":false},"excerpt":{"rendered":"<p>Tu hogar a tu ESTILO, en armon\u00eda con la naturaleza dentro del Conjunto Residencial Arborada Terraza Esmeralda | Detalles Bienvenido aTERRAZA ARBORADA Casas modernas dentro de Residencial Alborada con dise\u00f1o inteligente, roof garden y espacios para crecer. Agenda una visita EL DESARROLLO Terraza Esmeralda es un exclusivo conjunto residencial dise\u00f1ado para quienes buscan una conexi\u00f3n [&hellip;]<\/p>\n","protected":false},"author":2,"featured_media":0,"parent":0,"menu_order":0,"comment_status":"closed","ping_status":"closed","template":"elementor_canvas","meta":{"footnotes":""},"class_list":["post-7","page","type-page","status-publish","hentry"],"_links":{"self":[{"href":"https:\/\/terrazaesmeralda.mx\/index.php\/wp-json\/wp\/v2\/pages\/7","targetHints":{"allow":["GET"]}}],"collection":[{"href":"https:\/\/terrazaesmeralda.mx\/index.php\/wp-json\/wp\/v2\/pages"}],"about":[{"href":"https:\/\/terrazaesmeralda.mx\/index.php\/wp-json\/wp\/v2\/types\/page"}],"author":[{"embeddable":true,"href":"https:\/\/terrazaesmeralda.mx\/index.php\/wp-json\/wp\/v2\/users\/2"}],"replies":[{"embeddable":true,"href":"https:\/\/terrazaesmeralda.mx\/index.php\/wp-json\/wp\/v2\/comments?post=7"}],"version-history":[{"count":84,"href":"https:\/\/terrazaesmeralda.mx\/index.php\/wp-json\/wp\/v2\/pages\/7\/revisions"}],"predecessor-version":[{"id":387,"href":"https:\/\/terrazaesmeralda.mx\/index.php\/wp-json\/wp\/v2\/pages\/7\/revisions\/387"}],"wp:attachment":[{"href":"https:\/\/terrazaesmeralda.mx\/index.php\/wp-json\/wp\/v2\/media?parent=7"}],"curies":[{"name":"wp","href":"https:\/\/api.w.org\/{rel}","templated":true}]}}